{"id":1085,"date":"2020-08-19T10:44:04","date_gmt":"2020-08-19T10:44:04","guid":{"rendered":"https:\/\/demo.creativethemes.com\/brizy\/business\/?page_id=1085"},"modified":"2021-03-17T18:52:42","modified_gmt":"2021-03-17T17:52:42","slug":"about","status":"publish","type":"page","link":"https:\/\/reparpc.com\/index.php\/about\/","title":{"rendered":"A propos de nous"},"content":{"rendered":"\n<figure class=\"wp-block-image size-large\"><img loading=\"lazy\" decoding=\"async\" width=\"1024\" height=\"733\" src=\"http:\/\/reparpc.com\/wp-content\/uploads\/2021\/03\/logo-CM@2x-1024x733.png\" alt=\"\" class=\"wp-image-1842\" srcset=\"https:\/\/reparpc.com\/wp-content\/uploads\/2021\/03\/logo-CM@2x-1024x733.png 1024w, https:\/\/reparpc.com\/wp-content\/uploads\/2021\/03\/logo-CM@2x-300x215.png 300w, https:\/\/reparpc.com\/wp-content\/uploads\/2021\/03\/logo-CM@2x-768x550.png 768w, https:\/\/reparpc.com\/wp-content\/uploads\/2021\/03\/logo-CM@2x.png 1298w\" sizes=\"auto, (max-width: 1024px) 100vw, 1024px\" \/><\/figure>\n\n\n\n<div class=\"wp-block-group\"><div class=\"wp-block-group__inner-container is-layout-flow wp-block-group-is-layout-flow\">\n<p>Passionn\u00e9 depuis l&rsquo;enfance par l&rsquo;informatique et dipl\u00f4m\u00e9 dans ce domaine, j&rsquo;ai d\u00e9cid\u00e9 apr\u00e8s plus de 10 ann\u00e9es pass\u00e9es \u00e0 travailler comme infirmier et \u00e9ducateur \u00e0 lancer mon entreprise dans l&rsquo;informatique.\u00a0Actuellement auto entrepreneur, j&rsquo;ai cr\u00e9\u00e9 r\u00e9cemment ma soci\u00e9t\u00e9 dans le domaine de l&rsquo;<strong>informatique<\/strong>\u00a0et plus particuli\u00e8rement du\u00a0<strong>minage<\/strong>\u00a0de\u00a0<strong>crypto monnaie<\/strong>. Ma soci\u00e9t\u00e9 s&rsquo;appelle\u00a0<strong>crypto-minages<\/strong>\u00a0et vous trouverez notre site principal\u00a0<a href=\"http:\/\/crypto-minage.ch\/\">ici<\/a>. Notre soci\u00e9t\u00e9 propose dans sa version d&rsquo;origine, la\u00a0<strong>vente<\/strong>\u00a0et la\u00a0<strong>maintenance<\/strong>\u00a0de\u00a0<strong>mat\u00e9riel informatique<\/strong>\u00a0mais pour une question de lisibilit\u00e9 j&rsquo;ai d\u00e9cid\u00e9 de cr\u00e9er\u00a0<a href=\"http:\/\/reparpc.fr\/\">reparpc.fr<\/a>.\u00a0Ce site s&rsquo;adresse aux personnes habitants la <strong>r\u00e9gion Genevoise<\/strong> qui ont un ordinateur depuis des ann\u00e9es et qui souhaitent le faire \u00e9voluer car il est lent ou ne fonctionne plus.<\/p>\n<\/div><\/div>\n","protected":false},"excerpt":{"rendered":"<p>Passionn\u00e9 depuis l&rsquo;enfance par l&rsquo;informatique et dipl\u00f4m\u00e9 dans ce domaine, j&rsquo;ai d\u00e9cid\u00e9 apr\u00e8s plus de 10 ann\u00e9es pass\u00e9es \u00e0 travailler comme infirmier et \u00e9ducateur \u00e0 lancer mon entreprise dans l&rsquo;informatique.\u00a0Actuellement auto entrepreneur, j&rsquo;ai cr\u00e9\u00e9 r\u00e9cemment ma soci\u00e9t\u00e9 dans le domaine de l&rsquo;informatique\u00a0et plus particuli\u00e8rement du\u00a0minage\u00a0de\u00a0crypto monnaie. Ma soci\u00e9t\u00e9 s&rsquo;appelle\u00a0crypto-minages\u00a0et vous trouverez notre site principal\u00a0ici. Notre [&hellip;]<\/p>\n","protected":false},"author":1,"featured_media":0,"parent":0,"menu_order":0,"comment_status":"closed","ping_status":"closed","template":"","meta":{"footnotes":""},"class_list":["post-1085","page","type-page","status-publish","hentry"],"yoast_head":"<!-- This site is optimized with the Yoast SEO plugin v27.4 - https:\/\/yoast.com\/product\/yoast-seo-wordpress\/ -->\n<title>A propos de nous - R\u00e9par PC<\/title>\n<meta name=\"robots\" content=\"index, follow, max-snippet:-1, max-image-preview:large, max-video-preview:-1\" \/>\n<link rel=\"canonical\" href=\"https:\/\/reparpc.com\/index.php\/about\/\" \/>\n<meta property=\"og:locale\" content=\"fr_FR\" \/>\n<meta property=\"og:type\" content=\"article\" \/>\n<meta property=\"og:title\" content=\"A propos de nous - R\u00e9par PC\" \/>\n<meta property=\"og:description\" content=\"Passionn\u00e9 depuis l&rsquo;enfance par l&rsquo;informatique et dipl\u00f4m\u00e9 dans ce domaine, j&rsquo;ai d\u00e9cid\u00e9 apr\u00e8s plus de 10 ann\u00e9es pass\u00e9es \u00e0 travailler comme infirmier et \u00e9ducateur \u00e0 lancer mon entreprise dans l&rsquo;informatique.\u00a0Actuellement auto entrepreneur, j&rsquo;ai cr\u00e9\u00e9 r\u00e9cemment ma soci\u00e9t\u00e9 dans le domaine de l&rsquo;informatique\u00a0et plus particuli\u00e8rement du\u00a0minage\u00a0de\u00a0crypto monnaie. Ma soci\u00e9t\u00e9 s&rsquo;appelle\u00a0crypto-minages\u00a0et vous trouverez notre site principal\u00a0ici. Notre [&hellip;]\" \/>\n<meta property=\"og:url\" content=\"https:\/\/reparpc.com\/index.php\/about\/\" \/>\n<meta property=\"og:site_name\" content=\"R\u00e9par PC\" \/>\n<meta property=\"article:modified_time\" content=\"2021-03-17T17:52:42+00:00\" \/>\n<meta property=\"og:image\" content=\"http:\/\/reparpc.com\/wp-content\/uploads\/2021\/03\/logo-CM@2x-1024x733.png\" \/>\n<meta name=\"twitter:card\" content=\"summary_large_image\" \/>\n<meta name=\"twitter:label1\" content=\"Dur\u00e9e de lecture estim\u00e9e\" \/>\n\t<meta name=\"twitter:data1\" content=\"1 minute\" \/>\n<script type=\"application\/ld+json\" class=\"yoast-schema-graph\">{\"@context\":\"https:\\\/\\\/schema.org\",\"@graph\":[{\"@type\":\"WebPage\",\"@id\":\"https:\\\/\\\/reparpc.com\\\/index.php\\\/about\\\/\",\"url\":\"https:\\\/\\\/reparpc.com\\\/index.php\\\/about\\\/\",\"name\":\"A propos de nous - R\u00e9par PC\",\"isPartOf\":{\"@id\":\"https:\\\/\\\/reparpc.com\\\/#website\"},\"primaryImageOfPage\":{\"@id\":\"https:\\\/\\\/reparpc.com\\\/index.php\\\/about\\\/#primaryimage\"},\"image\":{\"@id\":\"https:\\\/\\\/reparpc.com\\\/index.php\\\/about\\\/#primaryimage\"},\"thumbnailUrl\":\"http:\\\/\\\/reparpc.com\\\/wp-content\\\/uploads\\\/2021\\\/03\\\/logo-CM@2x-1024x733.png\",\"datePublished\":\"2020-08-19T10:44:04+00:00\",\"dateModified\":\"2021-03-17T17:52:42+00:00\",\"breadcrumb\":{\"@id\":\"https:\\\/\\\/reparpc.com\\\/index.php\\\/about\\\/#breadcrumb\"},\"inLanguage\":\"fr-FR\",\"potentialAction\":[{\"@type\":\"ReadAction\",\"target\":[\"https:\\\/\\\/reparpc.com\\\/index.php\\\/about\\\/\"]}]},{\"@type\":\"ImageObject\",\"inLanguage\":\"fr-FR\",\"@id\":\"https:\\\/\\\/reparpc.com\\\/index.php\\\/about\\\/#primaryimage\",\"url\":\"https:\\\/\\\/reparpc.com\\\/wp-content\\\/uploads\\\/2021\\\/03\\\/logo-CM@2x.png\",\"contentUrl\":\"https:\\\/\\\/reparpc.com\\\/wp-content\\\/uploads\\\/2021\\\/03\\\/logo-CM@2x.png\",\"width\":1298,\"height\":929},{\"@type\":\"BreadcrumbList\",\"@id\":\"https:\\\/\\\/reparpc.com\\\/index.php\\\/about\\\/#breadcrumb\",\"itemListElement\":[{\"@type\":\"ListItem\",\"position\":1,\"name\":\"Home\",\"item\":\"https:\\\/\\\/reparpc.com\\\/\"},{\"@type\":\"ListItem\",\"position\":2,\"name\":\"A propos de nous\"}]},{\"@type\":\"WebSite\",\"@id\":\"https:\\\/\\\/reparpc.com\\\/#website\",\"url\":\"https:\\\/\\\/reparpc.com\\\/\",\"name\":\"R\u00e9par PC\",\"description\":\"Un site utilisant WordPress\",\"publisher\":{\"@id\":\"https:\\\/\\\/reparpc.com\\\/#organization\"},\"potentialAction\":[{\"@type\":\"SearchAction\",\"target\":{\"@type\":\"EntryPoint\",\"urlTemplate\":\"https:\\\/\\\/reparpc.com\\\/?s={search_term_string}\"},\"query-input\":{\"@type\":\"PropertyValueSpecification\",\"valueRequired\":true,\"valueName\":\"search_term_string\"}}],\"inLanguage\":\"fr-FR\"},{\"@type\":\"Organization\",\"@id\":\"https:\\\/\\\/reparpc.com\\\/#organization\",\"name\":\"R\u00e9par PC\",\"url\":\"https:\\\/\\\/reparpc.com\\\/\",\"logo\":{\"@type\":\"ImageObject\",\"inLanguage\":\"fr-FR\",\"@id\":\"https:\\\/\\\/reparpc.com\\\/#\\\/schema\\\/logo\\\/image\\\/\",\"url\":\"https:\\\/\\\/reparpc.com\\\/wp-content\\\/uploads\\\/2024\\\/10\\\/cropped-logo.png\",\"contentUrl\":\"https:\\\/\\\/reparpc.com\\\/wp-content\\\/uploads\\\/2024\\\/10\\\/cropped-logo.png\",\"width\":1648,\"height\":1080,\"caption\":\"R\u00e9par PC\"},\"image\":{\"@id\":\"https:\\\/\\\/reparpc.com\\\/#\\\/schema\\\/logo\\\/image\\\/\"}}]}<\/script>\n<!-- \/ Yoast SEO plugin. -->","yoast_head_json":{"title":"A propos de nous - R\u00e9par PC","robots":{"index":"index","follow":"follow","max-snippet":"max-snippet:-1","max-image-preview":"max-image-preview:large","max-video-preview":"max-video-preview:-1"},"canonical":"https:\/\/reparpc.com\/index.php\/about\/","og_locale":"fr_FR","og_type":"article","og_title":"A propos de nous - R\u00e9par PC","og_description":"Passionn\u00e9 depuis l&rsquo;enfance par l&rsquo;informatique et dipl\u00f4m\u00e9 dans ce domaine, j&rsquo;ai d\u00e9cid\u00e9 apr\u00e8s plus de 10 ann\u00e9es pass\u00e9es \u00e0 travailler comme infirmier et \u00e9ducateur \u00e0 lancer mon entreprise dans l&rsquo;informatique.\u00a0Actuellement auto entrepreneur, j&rsquo;ai cr\u00e9\u00e9 r\u00e9cemment ma soci\u00e9t\u00e9 dans le domaine de l&rsquo;informatique\u00a0et plus particuli\u00e8rement du\u00a0minage\u00a0de\u00a0crypto monnaie. Ma soci\u00e9t\u00e9 s&rsquo;appelle\u00a0crypto-minages\u00a0et vous trouverez notre site principal\u00a0ici. Notre [&hellip;]","og_url":"https:\/\/reparpc.com\/index.php\/about\/","og_site_name":"R\u00e9par PC","article_modified_time":"2021-03-17T17:52:42+00:00","og_image":[{"url":"http:\/\/reparpc.com\/wp-content\/uploads\/2021\/03\/logo-CM@2x-1024x733.png","type":"","width":"","height":""}],"twitter_card":"summary_large_image","twitter_misc":{"Dur\u00e9e de lecture estim\u00e9e":"1 minute"},"schema":{"@context":"https:\/\/schema.org","@graph":[{"@type":"WebPage","@id":"https:\/\/reparpc.com\/index.php\/about\/","url":"https:\/\/reparpc.com\/index.php\/about\/","name":"A propos de nous - R\u00e9par PC","isPartOf":{"@id":"https:\/\/reparpc.com\/#website"},"primaryImageOfPage":{"@id":"https:\/\/reparpc.com\/index.php\/about\/#primaryimage"},"image":{"@id":"https:\/\/reparpc.com\/index.php\/about\/#primaryimage"},"thumbnailUrl":"http:\/\/reparpc.com\/wp-content\/uploads\/2021\/03\/logo-CM@2x-1024x733.png","datePublished":"2020-08-19T10:44:04+00:00","dateModified":"2021-03-17T17:52:42+00:00","breadcrumb":{"@id":"https:\/\/reparpc.com\/index.php\/about\/#breadcrumb"},"inLanguage":"fr-FR","potentialAction":[{"@type":"ReadAction","target":["https:\/\/reparpc.com\/index.php\/about\/"]}]},{"@type":"ImageObject","inLanguage":"fr-FR","@id":"https:\/\/reparpc.com\/index.php\/about\/#primaryimage","url":"https:\/\/reparpc.com\/wp-content\/uploads\/2021\/03\/logo-CM@2x.png","contentUrl":"https:\/\/reparpc.com\/wp-content\/uploads\/2021\/03\/logo-CM@2x.png","width":1298,"height":929},{"@type":"BreadcrumbList","@id":"https:\/\/reparpc.com\/index.php\/about\/#breadcrumb","itemListElement":[{"@type":"ListItem","position":1,"name":"Home","item":"https:\/\/reparpc.com\/"},{"@type":"ListItem","position":2,"name":"A propos de nous"}]},{"@type":"WebSite","@id":"https:\/\/reparpc.com\/#website","url":"https:\/\/reparpc.com\/","name":"R\u00e9par PC","description":"Un site utilisant WordPress","publisher":{"@id":"https:\/\/reparpc.com\/#organization"},"potentialAction":[{"@type":"SearchAction","target":{"@type":"EntryPoint","urlTemplate":"https:\/\/reparpc.com\/?s={search_term_string}"},"query-input":{"@type":"PropertyValueSpecification","valueRequired":true,"valueName":"search_term_string"}}],"inLanguage":"fr-FR"},{"@type":"Organization","@id":"https:\/\/reparpc.com\/#organization","name":"R\u00e9par PC","url":"https:\/\/reparpc.com\/","logo":{"@type":"ImageObject","inLanguage":"fr-FR","@id":"https:\/\/reparpc.com\/#\/schema\/logo\/image\/","url":"https:\/\/reparpc.com\/wp-content\/uploads\/2024\/10\/cropped-logo.png","contentUrl":"https:\/\/reparpc.com\/wp-content\/uploads\/2024\/10\/cropped-logo.png","width":1648,"height":1080,"caption":"R\u00e9par PC"},"image":{"@id":"https:\/\/reparpc.com\/#\/schema\/logo\/image\/"}}]}},"_links":{"self":[{"href":"https:\/\/reparpc.com\/index.php\/wp-json\/wp\/v2\/pages\/1085","targetHints":{"allow":["GET"]}}],"collection":[{"href":"https:\/\/reparpc.com\/index.php\/wp-json\/wp\/v2\/pages"}],"about":[{"href":"https:\/\/reparpc.com\/index.php\/wp-json\/wp\/v2\/types\/page"}],"author":[{"embeddable":true,"href":"https:\/\/reparpc.com\/index.php\/wp-json\/wp\/v2\/users\/1"}],"replies":[{"embeddable":true,"href":"https:\/\/reparpc.com\/index.php\/wp-json\/wp\/v2\/comments?post=1085"}],"version-history":[{"count":3,"href":"https:\/\/reparpc.com\/index.php\/wp-json\/wp\/v2\/pages\/1085\/revisions"}],"predecessor-version":[{"id":1843,"href":"https:\/\/reparpc.com\/index.php\/wp-json\/wp\/v2\/pages\/1085\/revisions\/1843"}],"wp:attachment":[{"href":"https:\/\/reparpc.com\/index.php\/wp-json\/wp\/v2\/media?parent=1085"}],"curies":[{"name":"wp","href":"https:\/\/api.w.org\/{rel}","templated":true}]}}